{"id":41,"date":"2024-07-15T19:45:24","date_gmt":"2024-07-15T22:45:24","guid":{"rendered":"https:\/\/casasanjuan.ar\/?page_id=41"},"modified":"2024-07-18T11:50:57","modified_gmt":"2024-07-18T14:50:57","slug":"elementor-41","status":"publish","type":"page","link":"https:\/\/casasanjuan.ar\/","title":{"rendered":"Elementor #41"},"content":{"rendered":"\t\t<div data-elementor-type=\"wp-post\" data-elementor-id=\"41\" class=\"elementor elementor-41\">\n\t\t\t\t<div class=\"elementor-element elementor-element-5d28905 e-grid e-con-boxed e-con e-parent\" data-id=\"5d28905\" data-element_type=\"container\">\n\t\t\t\t\t<div class=\"e-con-inner\">\n\t\t\t\t<div class=\"elementor-element elementor-element-63e44df elementor-widget elementor-widget-image\" data-id=\"63e44df\" data-element_type=\"widget\" data-widget_type=\"image.default\">\n\t\t\t\t<div class=\"elementor-widget-container\">\n\t\t\t<style>\/*! elementor - v3.23.0 - 15-07-2024 *\/\n.elementor-widget-image{text-align:center}.elementor-widget-image a{display:inline-block}.elementor-widget-image a img[src$=\".svg\"]{width:48px}.elementor-widget-image img{vertical-align:middle;display:inline-block}<\/style>\t\t\t\t\t\t\t\t\t\t<img fetchpriority=\"high\" decoding=\"async\" width=\"768\" height=\"510\" src=\"https:\/\/casasanjuan.ar\/wp-content\/uploads\/2024\/07\/0-768x510.png\" class=\"attachment-medium_large size-medium_large wp-image-33\" alt=\"\" srcset=\"https:\/\/casasanjuan.ar\/wp-content\/uploads\/2024\/07\/0-768x510.png 768w, https:\/\/casasanjuan.ar\/wp-content\/uploads\/2024\/07\/elementor\/thumbs\/0-qr60nr6xk43yivcdgccjbfml2piib48tdgqscyk5hs.png 300w, https:\/\/casasanjuan.ar\/wp-content\/uploads\/2024\/07\/0-1024x681.png 1024w, https:\/\/casasanjuan.ar\/wp-content\/uploads\/2024\/07\/0-1536x1021.png 1536w, https:\/\/casasanjuan.ar\/wp-content\/uploads\/2024\/07\/0.png 1586w\" sizes=\"(max-width: 768px) 100vw, 768px\" \/>\t\t\t\t\t\t\t\t\t\t\t\t\t<\/div>\n\t\t\t\t<\/div>\n\t\t\t\t<div class=\"elementor-element elementor-element-562bea2 elementor-widget elementor-widget-image\" data-id=\"562bea2\" data-element_type=\"widget\" data-widget_type=\"image.default\">\n\t\t\t\t<div class=\"elementor-widget-container\">\n\t\t\t\t\t\t\t\t\t\t\t\t\t<img decoding=\"async\" width=\"1024\" height=\"1024\" src=\"https:\/\/casasanjuan.ar\/wp-content\/uploads\/2024\/07\/1-1.jpg\" class=\"attachment-large size-large wp-image-35\" alt=\"\" srcset=\"https:\/\/casasanjuan.ar\/wp-content\/uploads\/2024\/07\/1-1.jpg 1024w, https:\/\/casasanjuan.ar\/wp-content\/uploads\/2024\/07\/1-1-300x300.jpg 300w, https:\/\/casasanjuan.ar\/wp-content\/uploads\/2024\/07\/1-1-150x150.jpg 150w, https:\/\/casasanjuan.ar\/wp-content\/uploads\/2024\/07\/1-1-768x768.jpg 768w, https:\/\/casasanjuan.ar\/wp-content\/uploads\/2024\/07\/1-1-100x100.jpg 100w\" sizes=\"(max-width: 1024px) 100vw, 1024px\" \/>\t\t\t\t\t\t\t\t\t\t\t\t\t<\/div>\n\t\t\t\t<\/div>\n\t\t\t\t\t<\/div>\n\t\t\t\t<\/div>\n\t\t<div class=\"elementor-element elementor-element-461c0cf e-flex e-con-boxed e-con e-parent\" data-id=\"461c0cf\" data-element_type=\"container\">\n\t\t\t\t\t<div class=\"e-con-inner\">\n\t\t\t\t<div class=\"elementor-element elementor-element-e0f646b elementor-widget elementor-widget-spacer\" data-id=\"e0f646b\" data-element_type=\"widget\" data-widget_type=\"spacer.default\">\n\t\t\t\t<div class=\"elementor-widget-container\">\n\t\t\t<style>\/*! elementor - v3.23.0 - 15-07-2024 *\/\n.elementor-column .elementor-spacer-inner{height:var(--spacer-size)}.e-con{--container-widget-width:100%}.e-con-inner>.elementor-widget-spacer,.e-con>.elementor-widget-spacer{width:var(--container-widget-width,var(--spacer-size));--align-self:var(--container-widget-align-self,initial);--flex-shrink:0}.e-con-inner>.elementor-widget-spacer>.elementor-widget-container,.e-con>.elementor-widget-spacer>.elementor-widget-container{height:100%;width:100%}.e-con-inner>.elementor-widget-spacer>.elementor-widget-container>.elementor-spacer,.e-con>.elementor-widget-spacer>.elementor-widget-container>.elementor-spacer{height:100%}.e-con-inner>.elementor-widget-spacer>.elementor-widget-container>.elementor-spacer>.elementor-spacer-inner,.e-con>.elementor-widget-spacer>.elementor-widget-container>.elementor-spacer>.elementor-spacer-inner{height:var(--container-widget-height,var(--spacer-size))}.e-con-inner>.elementor-widget-spacer.elementor-widget-empty,.e-con>.elementor-widget-spacer.elementor-widget-empty{position:relative;min-height:22px;min-width:22px}.e-con-inner>.elementor-widget-spacer.elementor-widget-empty .elementor-widget-empty-icon,.e-con>.elementor-widget-spacer.elementor-widget-empty .elementor-widget-empty-icon{position:absolute;top:0;bottom:0;left:0;right:0;margin:auto;padding:0;width:22px;height:22px}<\/style>\t\t<div class=\"elementor-spacer\">\n\t\t\t<div class=\"elementor-spacer-inner\"><\/div>\n\t\t<\/div>\n\t\t\t\t<\/div>\n\t\t\t\t<\/div>\n\t\t\t\t\t<\/div>\n\t\t\t\t<\/div>\n\t\t<div class=\"elementor-element elementor-element-52e854d e-grid e-con-boxed e-con e-parent\" data-id=\"52e854d\" data-element_type=\"container\">\n\t\t\t\t\t<div class=\"e-con-inner\">\n\t\t\t\t<div class=\"elementor-element elementor-element-b9ca1d6 elementor-widget elementor-widget-image\" data-id=\"b9ca1d6\" data-element_type=\"widget\" data-widget_type=\"image.default\">\n\t\t\t\t<div class=\"elementor-widget-container\">\n\t\t\t\t\t\t\t\t\t\t\t\t\t<img fetchpriority=\"high\" decoding=\"async\" width=\"768\" height=\"510\" src=\"https:\/\/casasanjuan.ar\/wp-content\/uploads\/2024\/07\/0-768x510.png\" class=\"attachment-medium_large size-medium_large wp-image-33\" alt=\"\" srcset=\"https:\/\/casasanjuan.ar\/wp-content\/uploads\/2024\/07\/0-768x510.png 768w, https:\/\/casasanjuan.ar\/wp-content\/uploads\/2024\/07\/elementor\/thumbs\/0-qr60nr6xk43yivcdgccjbfml2piib48tdgqscyk5hs.png 300w, https:\/\/casasanjuan.ar\/wp-content\/uploads\/2024\/07\/0-1024x681.png 1024w, https:\/\/casasanjuan.ar\/wp-content\/uploads\/2024\/07\/0-1536x1021.png 1536w, https:\/\/casasanjuan.ar\/wp-content\/uploads\/2024\/07\/0.png 1586w\" sizes=\"(max-width: 768px) 100vw, 768px\" \/>\t\t\t\t\t\t\t\t\t\t\t\t\t<\/div>\n\t\t\t\t<\/div>\n\t\t\t\t<div class=\"elementor-element elementor-element-3d2aed5 elementor-widget elementor-widget-text-editor\" data-id=\"3d2aed5\" data-element_type=\"widget\" data-widget_type=\"text-editor.default\">\n\t\t\t\t<div class=\"elementor-widget-container\">\n\t\t\t<style>\/*! elementor - v3.23.0 - 15-07-2024 *\/\n.elementor-widget-text-editor.elementor-drop-cap-view-stacked .elementor-drop-cap{background-color:#69727d;color:#fff}.elementor-widget-text-editor.elementor-drop-cap-view-framed .elementor-drop-cap{color:#69727d;border:3px solid;background-color:transparent}.elementor-widget-text-editor:not(.elementor-drop-cap-view-default) .elementor-drop-cap{margin-top:8px}.elementor-widget-text-editor:not(.elementor-drop-cap-view-default) .elementor-drop-cap-letter{width:1em;height:1em}.elementor-widget-text-editor .elementor-drop-cap{float:left;text-align:center;line-height:1;font-size:50px}.elementor-widget-text-editor .elementor-drop-cap-letter{display:inline-block}<\/style>\t\t\t\t<h4>Somos una residencia que desde hace m\u00e1s de 20 a\u00f1os<br \/>nos dedicamos a brindar asistencia y contenci\u00f3n<br \/>profesional a personas de la tercera edad y vejez,<br \/>mejorando su calidad de vida y su bienestar.<\/h4>\t\t\t\t\t\t<\/div>\n\t\t\t\t<\/div>\n\t\t\t\t\t<\/div>\n\t\t\t\t<\/div>\n\t\t<div class=\"elementor-element elementor-element-e6fe8d7 e-flex e-con-boxed e-con e-parent\" data-id=\"e6fe8d7\" data-element_type=\"container\">\n\t\t\t\t\t<div class=\"e-con-inner\">\n\t\t\t\t<div class=\"elementor-element elementor-element-a72baf8 elementor-widget elementor-widget-heading\" data-id=\"a72baf8\" data-element_type=\"widget\" data-widget_type=\"heading.default\">\n\t\t\t\t<div class=\"elementor-widget-container\">\n\t\t\t<style>\/*! elementor - v3.23.0 - 15-07-2024 *\/\n.elementor-heading-title{padding:0;margin:0;line-height:1}.elementor-widget-heading .elementor-heading-title[class*=elementor-size-]>a{color:inherit;font-size:inherit;line-height:inherit}.elementor-widget-heading .elementor-heading-title.elementor-size-small{font-size:15px}.elementor-widget-heading .elementor-heading-title.elementor-size-medium{font-size:19px}.elementor-widget-heading .elementor-heading-title.elementor-size-large{font-size:29px}.elementor-widget-heading .elementor-heading-title.elementor-size-xl{font-size:39px}.elementor-widget-heading .elementor-heading-title.elementor-size-xxl{font-size:59px}<\/style><h1 class=\"elementor-heading-title elementor-size-default\">Nuestra Filosof\u00eda :<\/h1>\t\t<\/div>\n\t\t\t\t<\/div>\n\t\t\t\t\t<\/div>\n\t\t\t\t<\/div>\n\t\t<div class=\"elementor-element elementor-element-709f8f3 e-flex e-con-boxed e-con e-parent\" data-id=\"709f8f3\" data-element_type=\"container\">\n\t\t\t\t\t<div class=\"e-con-inner\">\n\t\t\t\t<div class=\"elementor-element elementor-element-3e3364e elementor-widget elementor-widget-text-editor\" data-id=\"3e3364e\" data-element_type=\"widget\" data-widget_type=\"text-editor.default\">\n\t\t\t\t<div class=\"elementor-widget-container\">\n\t\t\t\t\t\t\t<h5>Misi\u00f3n: Ofrecer un hogar seguro y acogedor donde las personas mayores<br \/>puedan vivir con tranquilidad y alegr\u00eda, respaldados por un equipo<br \/>comprometido con su bienestar.<\/h5><h5>Visi\u00f3n: Ser una referencia en la comunidad por nuestra dedicaci\u00f3n y<br \/>compromiso con el bienestar integral de nuestros residentes,<br \/>promoviendo un ambiente de calidez y convivencia familiar.<\/h5><h5>Prop\u00f3sito: Crear un ambiente donde las personas mayores puedan<br \/>sentirse como en casa, participando en actividades que promuevan su<br \/>bienestar f\u00edsico, mental y social.<\/h5>\t\t\t\t\t\t<\/div>\n\t\t\t\t<\/div>\n\t\t\t\t\t<\/div>\n\t\t\t\t<\/div>\n\t\t<div class=\"elementor-element elementor-element-1115f60 e-flex e-con-boxed e-con e-parent\" data-id=\"1115f60\" data-element_type=\"container\">\n\t\t\t\t\t<div class=\"e-con-inner\">\n\t\t<div class=\"elementor-element elementor-element-8e15183 e-con-full e-flex e-con e-child\" data-id=\"8e15183\" data-element_type=\"container\">\n\t\t\t\t<div class=\"elementor-element elementor-element-3740577 elementor-widget elementor-widget-image\" data-id=\"3740577\" data-element_type=\"widget\" data-widget_type=\"image.default\">\n\t\t\t\t<div class=\"elementor-widget-container\">\n\t\t\t\t\t\t\t\t\t\t\t\t\t<img decoding=\"async\" src=\"https:\/\/casasanjuan.ar\/wp-content\/uploads\/elementor\/thumbs\/2-qr61xmpfjqjfuuin9xq919883ov4do4ff9qbcedstc.jpg\" title=\"2\" alt=\"2\" loading=\"lazy\" \/>\t\t\t\t\t\t\t\t\t\t\t\t\t<\/div>\n\t\t\t\t<\/div>\n\t\t\t\t<\/div>\n\t\t<div class=\"elementor-element elementor-element-9a89bc0 e-con-full e-flex e-con e-child\" data-id=\"9a89bc0\" data-element_type=\"container\">\n\t\t<div class=\"elementor-element elementor-element-5278e68 e-con-full e-flex e-con e-child\" data-id=\"5278e68\" data-element_type=\"container\">\n\t\t\t\t<div class=\"elementor-element elementor-element-8bccc05 elementor-widget elementor-widget-spacer\" data-id=\"8bccc05\" data-element_type=\"widget\" data-widget_type=\"spacer.default\">\n\t\t\t\t<div class=\"elementor-widget-container\">\n\t\t\t\t\t<div class=\"elementor-spacer\">\n\t\t\t<div class=\"elementor-spacer-inner\"><\/div>\n\t\t<\/div>\n\t\t\t\t<\/div>\n\t\t\t\t<\/div>\n\t\t\t\t<div class=\"elementor-element elementor-element-4f75078 elementor-widget elementor-widget-heading\" data-id=\"4f75078\" data-element_type=\"widget\" data-widget_type=\"heading.default\">\n\t\t\t\t<div class=\"elementor-widget-container\">\n\t\t\t<h1 class=\"elementor-heading-title elementor-size-default\">Nuestro Equipo y\notros servicios<\/h1>\t\t<\/div>\n\t\t\t\t<\/div>\n\t\t\t\t<\/div>\n\t\t<div class=\"elementor-element elementor-element-2fcbcdc e-con-full e-flex e-con e-child\" data-id=\"2fcbcdc\" data-element_type=\"container\">\n\t\t\t\t<div class=\"elementor-element elementor-element-bc56f4f elementor-widget elementor-widget-text-editor\" data-id=\"bc56f4f\" data-element_type=\"widget\" data-widget_type=\"text-editor.default\">\n\t\t\t\t<div class=\"elementor-widget-container\">\n\t\t\t\t\t\t\t<div class=\"container\"><div class=\"column\"><ul><li>M\u00e9dico Geriatra<\/li>\n<li>Kinesiolog\u00eda<\/li>\n<li>Psicolog\u00eda<\/li>\n<li>Nutricionista<\/li>\n<li>Enfermer\u00eda<\/li>\n<\/ul>\n<\/div>\n<div class=\"column\">\n<ul>\n<li>Asistentes<\/li>\n<li>Lavander\u00eda<\/li>\n<li>Actividades Pr\u00e1cticas<\/li>\n<li>M\u00fasico Terapeuta<\/li>\n<li>Yoga<\/li>\n<\/ul>\n<\/div>\n<\/div>\n<style>\n        .container {<br \/>            display: flex;<br \/>        }<br \/>        .column {<br \/>            flex: 1;<br \/>            margin: 10px;<br \/>        }<br \/>    <\/style>\t\t\t\t\t\t<\/div>\n\t\t\t\t<\/div>\n\t\t\t\t<\/div>\n\t\t\t\t<\/div>\n\t\t\t\t\t<\/div>\n\t\t\t\t<\/div>\n\t\t<div class=\"elementor-element elementor-element-935ff3c e-flex e-con-boxed e-con e-parent\" data-id=\"935ff3c\" data-element_type=\"container\">\n\t\t\t\t\t<div class=\"e-con-inner\">\n\t\t\t\t<div class=\"elementor-element elementor-element-3261cd6 elementor-widget elementor-widget-image\" data-id=\"3261cd6\" data-element_type=\"widget\" data-widget_type=\"image.default\">\n\t\t\t\t<div class=\"elementor-widget-container\">\n\t\t\t\t\t\t\t\t\t\t\t\t\t<img fetchpriority=\"high\" decoding=\"async\" width=\"768\" height=\"510\" src=\"https:\/\/casasanjuan.ar\/wp-content\/uploads\/2024\/07\/0-768x510.png\" class=\"attachment-medium_large size-medium_large wp-image-33\" alt=\"\" srcset=\"https:\/\/casasanjuan.ar\/wp-content\/uploads\/2024\/07\/0-768x510.png 768w, https:\/\/casasanjuan.ar\/wp-content\/uploads\/2024\/07\/elementor\/thumbs\/0-qr60nr6xk43yivcdgccjbfml2piib48tdgqscyk5hs.png 300w, https:\/\/casasanjuan.ar\/wp-content\/uploads\/2024\/07\/0-1024x681.png 1024w, https:\/\/casasanjuan.ar\/wp-content\/uploads\/2024\/07\/0-1536x1021.png 1536w, https:\/\/casasanjuan.ar\/wp-content\/uploads\/2024\/07\/0.png 1586w\" sizes=\"(max-width: 768px) 100vw, 768px\" \/>\t\t\t\t\t\t\t\t\t\t\t\t\t<\/div>\n\t\t\t\t<\/div>\n\t\t\t\t\t<\/div>\n\t\t\t\t<\/div>\n\t\t<div class=\"elementor-element elementor-element-6c2f93a e-con-full e-flex e-con e-parent\" data-id=\"6c2f93a\" data-element_type=\"container\">\n\t\t\t\t<\/div>\n\t\t<div class=\"elementor-element elementor-element-d71b4db e-flex e-con-boxed e-con e-parent\" data-id=\"d71b4db\" data-element_type=\"container\">\n\t\t\t\t\t<div class=\"e-con-inner\">\n\t\t<div class=\"elementor-element elementor-element-4379e28 e-con-full e-flex e-con e-child\" data-id=\"4379e28\" data-element_type=\"container\">\n\t\t\t\t<\/div>\n\t\t<div class=\"elementor-element elementor-element-1c780d1 e-con-full e-flex e-con e-child\" data-id=\"1c780d1\" data-element_type=\"container\">\n\t\t\t\t<div class=\"elementor-element elementor-element-5709948 elementor-icon-list--layout-inline elementor-list-item-link-inline elementor-widget elementor-widget-icon-list\" data-id=\"5709948\" data-element_type=\"widget\" data-widget_type=\"icon-list.default\">\n\t\t\t\t<div class=\"elementor-widget-container\">\n\t\t\t<link rel=\"stylesheet\" href=\"https:\/\/casasanjuan.ar\/wp-content\/plugins\/elementor\/assets\/css\/widget-icon-list.min.css\">\t\t<ul class=\"elementor-icon-list-items elementor-inline-items\">\n\t\t\t\t\t\t\t<li class=\"elementor-icon-list-item elementor-inline-item\">\n\t\t\t\t\t\t\t\t\t\t\t<span class=\"elementor-icon-list-icon\">\n\t\t\t\t\t\t\t<svg aria-hidden=\"true\" class=\"e-font-icon-svg e-fas-map-marker-alt\" viewBox=\"0 0 384 512\" xmlns=\"http:\/\/www.w3.org\/2000\/svg\"><path d=\"M172.268 501.67C26.97 291.031 0 269.413 0 192 0 85.961 85.961 0 192 0s192 85.961 192 192c0 77.413-26.97 99.031-172.268 309.67-9.535 13.774-29.93 13.773-39.464 0zM192 272c44.183 0 80-35.817 80-80s-35.817-80-80-80-80 35.817-80 80 35.817 80 80 80z\"><\/path><\/svg>\t\t\t\t\t\t<\/span>\n\t\t\t\t\t\t\t\t\t\t<span class=\"elementor-icon-list-text\">Tacuar\u00ed 1115, San Telmo. CABA<\/span>\n\t\t\t\t\t\t\t\t\t<\/li>\n\t\t\t\t\t\t\t\t<li class=\"elementor-icon-list-item elementor-inline-item\">\n\t\t\t\t\t\t\t\t\t\t\t<span class=\"elementor-icon-list-icon\">\n\t\t\t\t\t\t\t<svg aria-hidden=\"true\" class=\"e-font-icon-svg e-fas-phone-alt\" viewBox=\"0 0 512 512\" xmlns=\"http:\/\/www.w3.org\/2000\/svg\"><path d=\"M497.39 361.8l-112-48a24 24 0 0 0-28 6.9l-49.6 60.6A370.66 370.66 0 0 1 130.6 204.11l60.6-49.6a23.94 23.94 0 0 0 6.9-28l-48-112A24.16 24.16 0 0 0 122.6.61l-104 24A24 24 0 0 0 0 48c0 256.5 207.9 464 464 464a24 24 0 0 0 23.4-18.6l24-104a24.29 24.29 0 0 0-14.01-27.6z\"><\/path><\/svg>\t\t\t\t\t\t<\/span>\n\t\t\t\t\t\t\t\t\t\t<span class=\"elementor-icon-list-text\">(011) 4300-3271 <\/span>\n\t\t\t\t\t\t\t\t\t<\/li>\n\t\t\t\t\t\t\t\t<li class=\"elementor-icon-list-item elementor-inline-item\">\n\t\t\t\t\t\t\t\t\t\t\t<span class=\"elementor-icon-list-icon\">\n\t\t\t\t\t\t\t<svg aria-hidden=\"true\" class=\"e-font-icon-svg e-far-envelope\" viewBox=\"0 0 512 512\" xmlns=\"http:\/\/www.w3.org\/2000\/svg\"><path d=\"M464 64H48C21.49 64 0 85.49 0 112v288c0 26.51 21.49 48 48 48h416c26.51 0 48-21.49 48-48V112c0-26.51-21.49-48-48-48zm0 48v40.805c-22.422 18.259-58.168 46.651-134.587 106.49-16.841 13.247-50.201 45.072-73.413 44.701-23.208.375-56.579-31.459-73.413-44.701C106.18 199.465 70.425 171.067 48 152.805V112h416zM48 400V214.398c22.914 18.251 55.409 43.862 104.938 82.646 21.857 17.205 60.134 55.186 103.062 54.955 42.717.231 80.509-37.199 103.053-54.947 49.528-38.783 82.032-64.401 104.947-82.653V400H48z\"><\/path><\/svg>\t\t\t\t\t\t<\/span>\n\t\t\t\t\t\t\t\t\t\t<span class=\"elementor-icon-list-text\">info@geriatricosanjuan.com<\/span>\n\t\t\t\t\t\t\t\t\t<\/li>\n\t\t\t\t\t\t<\/ul>\n\t\t\t\t<\/div>\n\t\t\t\t<\/div>\n\t\t\t\t<\/div>\n\t\t<div class=\"elementor-element elementor-element-b4d5e5d e-con-full e-flex e-con e-child\" data-id=\"b4d5e5d\" data-element_type=\"container\">\n\t\t\t\t<\/div>\n\t\t\t\t\t<\/div>\n\t\t\t\t<\/div>\n\t\t\t\t<\/div>\n\t\t","protected":false},"excerpt":{"rendered":"<p>Somos una residencia que desde hace m\u00e1s de 20 a\u00f1osnos dedicamos a brindar asistencia y contenci\u00f3nprofesional a personas de la tercera edad y vejez,mejorando su calidad de vida y su bienestar. Nuestra Filosof\u00eda : Misi\u00f3n: Ofrecer un hogar seguro y acogedor donde las personas mayorespuedan vivir con tranquilidad y alegr\u00eda, respaldados por un equipocomprometido con&hellip;&nbsp;<a href=\"https:\/\/casasanjuan.ar\/\" class=\"\" rel=\"bookmark\">Leer m\u00e1s &raquo;<span class=\"screen-reader-text\">Elementor #41<\/span><\/a><\/p>\n","protected":false},"author":1,"featured_media":0,"parent":0,"menu_order":0,"comment_status":"closed","ping_status":"closed","template":"page-templates\/template-pagebuilder-full-width.php","meta":{"neve_meta_sidebar":"","neve_meta_container":"","neve_meta_enable_content_width":"","neve_meta_content_width":0,"neve_meta_title_alignment":"","neve_meta_author_avatar":"","neve_post_elements_order":"","neve_meta_disable_header":"","neve_meta_disable_footer":"","neve_meta_disable_title":"","_ti_tpc_template_sync":false,"_ti_tpc_template_id":"","footnotes":""},"class_list":["post-41","page","type-page","status-publish","hentry"],"_links":{"self":[{"href":"https:\/\/casasanjuan.ar\/index.php\/wp-json\/wp\/v2\/pages\/41","targetHints":{"allow":["GET"]}}],"collection":[{"href":"https:\/\/casasanjuan.ar\/index.php\/wp-json\/wp\/v2\/pages"}],"about":[{"href":"https:\/\/casasanjuan.ar\/index.php\/wp-json\/wp\/v2\/types\/page"}],"author":[{"embeddable":true,"href":"https:\/\/casasanjuan.ar\/index.php\/wp-json\/wp\/v2\/users\/1"}],"replies":[{"embeddable":true,"href":"https:\/\/casasanjuan.ar\/index.php\/wp-json\/wp\/v2\/comments?post=41"}],"version-history":[{"count":52,"href":"https:\/\/casasanjuan.ar\/index.php\/wp-json\/wp\/v2\/pages\/41\/revisions"}],"predecessor-version":[{"id":141,"href":"https:\/\/casasanjuan.ar\/index.php\/wp-json\/wp\/v2\/pages\/41\/revisions\/141"}],"wp:attachment":[{"href":"https:\/\/casasanjuan.ar\/index.php\/wp-json\/wp\/v2\/media?parent=41"}],"curies":[{"name":"wp","href":"https:\/\/api.w.org\/{rel}","templated":true}]}}